{"id":2686,"date":"2024-11-11T15:12:40","date_gmt":"2024-11-11T13:12:40","guid":{"rendered":"https:\/\/life-sanctuary.com\/methodes-de-paiement\/"},"modified":"2025-03-13T12:32:49","modified_gmt":"2025-03-13T10:32:49","slug":"methodes-de-paiement","status":"publish","type":"page","link":"https:\/\/life-sanctuary.com\/fr\/methodes-de-paiement\/","title":{"rendered":"M\u00e9thodes de paiement"},"content":{"rendered":"\t\t<div data-elementor-type=\"wp-page\" data-elementor-id=\"2686\" class=\"elementor elementor-2686 elementor-1953\" data-elementor-post-type=\"page\">\n\t\t\t\t<div data-particle_enable=\"false\" data-particle-mobile-disabled=\"false\" class=\"elementor-element elementor-element-a134565 e-flex e-con-boxed e-con e-parent\" data-id=\"a134565\" data-element_type=\"container\" data-settings=\"{&quot;background_background&quot;:&quot;classic&quot;}\">\n\t\t\t\t\t<div class=\"e-con-inner\">\n\t\t\t\t<div class=\"elementor-element elementor-element-59334f2 elementor-widget elementor-widget-heading\" data-id=\"59334f2\" data-element_type=\"widget\" data-widget_type=\"heading.default\">\n\t\t\t\t<div class=\"elementor-widget-container\">\n\t\t\t\t\t<h2 class=\"elementor-heading-title elementor-size-default\">M\u00e9thodes de paiement<\/h2>\t\t\t\t<\/div>\n\t\t\t\t<\/div>\n\t\t\t\t\t<\/div>\n\t\t\t\t<\/div>\n\t\t<div data-particle_enable=\"false\" data-particle-mobile-disabled=\"false\" class=\"elementor-element elementor-element-510cab1 e-flex e-con-boxed e-con e-parent\" data-id=\"510cab1\" data-element_type=\"container\">\n\t\t\t\t\t<div class=\"e-con-inner\">\n\t\t<div data-particle_enable=\"false\" data-particle-mobile-disabled=\"false\" class=\"elementor-element elementor-element-f1fa3ff e-con-full e-flex e-con e-child\" data-id=\"f1fa3ff\" data-element_type=\"container\">\n\t\t\t\t<div class=\"elementor-element elementor-element-13338aa elementor-widget elementor-widget-heading\" data-id=\"13338aa\" data-element_type=\"widget\" data-widget_type=\"heading.default\">\n\t\t\t\t<div class=\"elementor-widget-container\">\n\t\t\t\t\t<h2 class=\"elementor-heading-title elementor-size-default\">M\u00e9thodes de paiement<\/h2>\t\t\t\t<\/div>\n\t\t\t\t<\/div>\n\t\t\t\t<div class=\"elementor-element elementor-element-ad5d411 elementor-widget elementor-widget-text-editor\" data-id=\"ad5d411\" data-element_type=\"widget\" data-widget_type=\"text-editor.default\">\n\t\t\t\t<div class=\"elementor-widget-container\">\n\t\t\t\t\t\t\t\t\t<p data-start=\"32\" data-end=\"160\"><strong data-start=\"32\" data-end=\"160\">Pour le service des utilisateurs du site, ils peuvent choisir parmi les suivants modes de paiement pour effectuer leur don :<\/strong><\/p>\n<p><\/p>\n<p data-start=\"162\" data-end=\"833\"><strong data-start=\"162\" data-end=\"211\">Carte de cr\u00e9dit ou de d\u00e9bit ou carte pr\u00e9pay\u00e9e<\/strong><br data-start=\"211\" data-end=\"214\" \/>Le site web de l&rsquo;ONG Life Sanctuary accepte toutes les cartes Visa, Mastercard, Maestro et Diners. Vos transactions sur notre boutique en ligne sont prot\u00e9g\u00e9es par des syst\u00e8mes de s\u00e9curit\u00e9 en ligne de haute qualit\u00e9 (SSL-256 bits et certification num\u00e9rique par cPanel). Pour les dons effectu\u00e9s par carte, l&rsquo;utilisateur devra suivre les instructions sur la boutique en ligne (s\u00e9lectionner \u00ab\u00a0Carte de d\u00e9bit, cr\u00e9dit ou pr\u00e9pay\u00e9e\u00a0\u00bb). Il lui sera demand\u00e9 de remplir le formulaire avec les informations n\u00e9cessaires ainsi que le num\u00e9ro et la date d&rsquo;expiration, ainsi que le num\u00e9ro \u00e0 trois chiffres (CVV) inscrit au dos de la carte.<\/p>\n<p><\/p>\n<p data-start=\"835\" data-end=\"986\"><strong data-start=\"835\" data-end=\"860\">Par virement bancaire<\/strong><br data-start=\"860\" data-end=\"863\" \/>L&rsquo;utilisateur peut r\u00e9gler son don en effectuant un virement du montant total de sa commande sur le compte bancaire suivant.<\/p>\n<p><\/p>\n<p data-start=\"988\" data-end=\"1078\"><strong data-start=\"988\" data-end=\"1078\">La proc\u00e9dure pour un virement bancaire sur le compte de l&rsquo;entreprise est la suivante :<\/strong><\/p>\n<p><\/p>\n<p data-start=\"1080\" data-end=\"1192\">Lors de la finalisation de la commande, choisissez \u00ab\u00a0Virement bancaire imm\u00e9diat\u00a0\u00bb comme mode de paiement souhait\u00e9.<\/p>\n<p><\/p>\n<p data-start=\"1194\" data-end=\"1287\">Ensuite, effectuez le virement du montant sur le compte bancaire de l&rsquo;entreprise ci-dessous :<\/p>\n<p><\/p>\n<p data-start=\"1289\" data-end=\"1307\"><strong data-start=\"1289\" data-end=\"1307\">B\u00e9n\u00e9ficiaire :<\/strong><\/p>\n<p><\/p>\n<p data-start=\"1309\" data-end=\"1319\"><strong data-start=\"1309\" data-end=\"1319\">BANQUE<\/strong><\/p>\n<p><\/p>\n<p data-start=\"1321\" data-end=\"1329\"><strong data-start=\"1321\" data-end=\"1329\">IBAN<\/strong><\/p>\n<p><\/p>\n<p data-start=\"1331\" data-end=\"1351\"><strong data-start=\"1331\" data-end=\"1351\">Banque Nationale<\/strong><\/p>\n<p><\/p>\n<p data-start=\"1353\" data-end=\"1384\"><strong data-start=\"1353\" data-end=\"1384\">GR7801101390000013900811673<\/strong><\/p>\n<p><\/p>\n<p data-start=\"1386\" data-end=\"1435\"><strong data-start=\"1386\" data-end=\"1435\">LIFE SANCTUARY ORGANISATION SANS BUT LUCRATIF<\/strong><\/p>\n<p><\/p>\n<p data-start=\"1437\" data-end=\"1534\" data-is-last-node=\"\" data-is-only-node=\"\"><em data-start=\"1437\" data-end=\"1534\" data-is-last-node=\"\">En cas de paiement depuis une autre banque, les frais de virement sont \u00e0 la charge du donateur.<\/em><\/p>\n\t\t\t\t\t\t\t\t<\/div>\n\t\t\t\t<\/div>\n\t\t\t\t<\/div>\n\t\t\t\t\t<\/div>\n\t\t\t\t<\/div>\n\t\t\t\t<\/div>\n\t\t","protected":false},"excerpt":{"rendered":"<p>Pour le service des utilisateurs du site, ils peuvent choisir parmi les suivants modes de paiement pour effectuer leur don : Carte de cr\u00e9dit ou de d\u00e9bit ou carte pr\u00e9pay\u00e9eLe site web de l&rsquo;ONG Life Sanctuary accepte toutes les cartes Visa, Mastercard, Maestro et Diners. Vos transactions sur notre boutique en ligne sont prot\u00e9g\u00e9es par [&hellip;]<\/p>\n","protected":false},"author":1,"featured_media":0,"parent":0,"menu_order":0,"comment_status":"closed","ping_status":"closed","template":"","meta":{"_acf_changed":false,"footnotes":""},"class_list":["post-2686","page","type-page","status-publish","hentry"],"acf":[],"_links":{"self":[{"href":"https:\/\/life-sanctuary.com\/fr\/wp-json\/wp\/v2\/pages\/2686","targetHints":{"allow":["GET"]}}],"collection":[{"href":"https:\/\/life-sanctuary.com\/fr\/wp-json\/wp\/v2\/pages"}],"about":[{"href":"https:\/\/life-sanctuary.com\/fr\/wp-json\/wp\/v2\/types\/page"}],"author":[{"embeddable":true,"href":"https:\/\/life-sanctuary.com\/fr\/wp-json\/wp\/v2\/users\/1"}],"replies":[{"embeddable":true,"href":"https:\/\/life-sanctuary.com\/fr\/wp-json\/wp\/v2\/comments?post=2686"}],"version-history":[{"count":1,"href":"https:\/\/life-sanctuary.com\/fr\/wp-json\/wp\/v2\/pages\/2686\/revisions"}],"predecessor-version":[{"id":2687,"href":"https:\/\/life-sanctuary.com\/fr\/wp-json\/wp\/v2\/pages\/2686\/revisions\/2687"}],"wp:attachment":[{"href":"https:\/\/life-sanctuary.com\/fr\/wp-json\/wp\/v2\/media?parent=2686"}],"curies":[{"name":"wp","href":"https:\/\/api.w.org\/{rel}","templated":true}]}}