{"id":2663,"date":"2024-10-02T12:42:20","date_gmt":"2024-10-02T09:42:20","guid":{"rendered":"https:\/\/life-sanctuary.com\/devenez-parrain-de-scolarite\/parrainage-de-la-scolarite-complete-dun-enfant\/"},"modified":"2025-03-13T12:14:50","modified_gmt":"2025-03-13T10:14:50","slug":"parrainage-de-la-scolarite-complete-dun-enfant","status":"publish","type":"page","link":"https:\/\/life-sanctuary.com\/fr\/devenez-parrain-de-scolarite\/parrainage-de-la-scolarite-complete-dun-enfant\/","title":{"rendered":"Parrainage de la scolarit\u00e9 compl\u00e8te des 6 classes du coll\u00e8ge pour un enfant sp\u00e9cifique."},"content":{"rendered":"\t\t<div data-elementor-type=\"wp-page\" data-elementor-id=\"2663\" class=\"elementor elementor-2663 elementor-806\" data-elementor-post-type=\"page\">\n\t\t\t\t<div data-particle_enable=\"false\" data-particle-mobile-disabled=\"false\" class=\"elementor-element elementor-element-4e2bb4e e-flex e-con-boxed e-con e-parent\" data-id=\"4e2bb4e\" data-element_type=\"container\" data-settings=\"{&quot;background_background&quot;:&quot;classic&quot;}\">\n\t\t\t\t\t<div class=\"e-con-inner\">\n\t\t<div data-particle_enable=\"false\" data-particle-mobile-disabled=\"false\" class=\"elementor-element elementor-element-af0ebad e-con-full e-flex e-con e-child\" data-id=\"af0ebad\" data-element_type=\"container\">\n\t\t<div data-particle_enable=\"false\" data-particle-mobile-disabled=\"false\" class=\"elementor-element elementor-element-e57c20f e-con-full e-flex e-con e-child\" data-id=\"e57c20f\" data-element_type=\"container\">\n\t\t\t\t<div class=\"elementor-element elementor-element-288e239 elementor-widget__width-auto elementor-widget elementor-widget-heading\" data-id=\"288e239\" data-element_type=\"widget\" data-widget_type=\"heading.default\">\n\t\t\t\t<div class=\"elementor-widget-container\">\n\t\t\t\t\t<h2 class=\"elementor-heading-title elementor-size-default\">Parrainage <\/h2>\t\t\t\t<\/div>\n\t\t\t\t<\/div>\n\t\t\t\t<div class=\"elementor-element elementor-element-039a847 elementor-widget__width-auto elementor-widget elementor-widget-heading\" data-id=\"039a847\" data-element_type=\"widget\" data-widget_type=\"heading.default\">\n\t\t\t\t<div class=\"elementor-widget-container\">\n\t\t\t\t\t<h2 class=\"elementor-heading-title elementor-size-default\">de la scolarit\u00e9 <\/h2>\t\t\t\t<\/div>\n\t\t\t\t<\/div>\n\t\t\t\t<\/div>\n\t\t<div data-particle_enable=\"false\" data-particle-mobile-disabled=\"false\" class=\"elementor-element elementor-element-1829126 e-con-full e-flex e-con e-child\" data-id=\"1829126\" data-element_type=\"container\">\n\t\t\t\t<div class=\"elementor-element elementor-element-74c97be elementor-widget__width-auto elementor-widget elementor-widget-heading\" data-id=\"74c97be\" data-element_type=\"widget\" data-widget_type=\"heading.default\">\n\t\t\t\t<div class=\"elementor-widget-container\">\n\t\t\t\t\t<h2 class=\"elementor-heading-title elementor-size-default\">compl\u00e8te des 6 classes <\/h2>\t\t\t\t<\/div>\n\t\t\t\t<\/div>\n\t\t\t\t<div class=\"elementor-element elementor-element-ab8e4ff elementor-widget__width-auto elementor-widget elementor-widget-heading\" data-id=\"ab8e4ff\" data-element_type=\"widget\" data-widget_type=\"heading.default\">\n\t\t\t\t<div class=\"elementor-widget-container\">\n\t\t\t\t\t<h2 class=\"elementor-heading-title elementor-size-default\">du coll\u00e8ge<\/h2>\t\t\t\t<\/div>\n\t\t\t\t<\/div>\n\t\t\t\t<\/div>\n\t\t\t\t<div class=\"elementor-element elementor-element-53a255d elementor-widget__width-auto elementor-widget elementor-widget-heading\" data-id=\"53a255d\" data-element_type=\"widget\" data-widget_type=\"heading.default\">\n\t\t\t\t<div class=\"elementor-widget-container\">\n\t\t\t\t\t<h2 class=\"elementor-heading-title elementor-size-default\">pour un enfant sp\u00e9cifique.<\/h2>\t\t\t\t<\/div>\n\t\t\t\t<\/div>\n\t\t\t\t<\/div>\n\t\t\t\t\t<\/div>\n\t\t\t\t<\/div>\n\t\t<div data-particle_enable=\"false\" data-particle-mobile-disabled=\"false\" class=\"elementor-element elementor-element-d450b9c e-flex e-con-boxed e-con e-parent\" data-id=\"d450b9c\" data-element_type=\"container\">\n\t\t\t\t\t<div class=\"e-con-inner\">\n\t\t<div data-particle_enable=\"false\" data-particle-mobile-disabled=\"false\" class=\"elementor-element elementor-element-7069c0e e-con-full e-flex e-con e-child\" data-id=\"7069c0e\" data-element_type=\"container\" data-settings=\"{&quot;sticky&quot;:&quot;top&quot;,&quot;sticky_on&quot;:[&quot;widescreen&quot;,&quot;desktop&quot;,&quot;laptop&quot;,&quot;tablet_extra&quot;,&quot;tablet&quot;],&quot;sticky_parent&quot;:&quot;yes&quot;,&quot;sticky_offset&quot;:100,&quot;sticky_effects_offset&quot;:0,&quot;sticky_anchor_link_offset&quot;:0}\">\n\t\t\t\t<div class=\"elementor-element elementor-element-5af6ebf elementor-widget elementor-widget-heading\" data-id=\"5af6ebf\" data-element_type=\"widget\" data-widget_type=\"heading.default\">\n\t\t\t\t<div class=\"elementor-widget-container\">\n\t\t\t\t\t<h2 class=\"elementor-heading-title elementor-size-default\">Soutenez notre action !<\/h2>\t\t\t\t<\/div>\n\t\t\t\t<\/div>\n\t\t\t\t<div class=\"elementor-element elementor-element-d1dfc3f elementor-widget elementor-widget-text-editor\" data-id=\"d1dfc3f\" data-element_type=\"widget\" data-widget_type=\"text-editor.default\">\n\t\t\t\t<div class=\"elementor-widget-container\">\n\t\t\t\t\t\t\t\t\t<p><span style=\"font-weight: 400;\">Devenez parrain de la scolarit\u00e9 compl\u00e8te d\u2019un \u00e9colier et prenez en charge les frais de scolarit\u00e9 des six ann\u00e9es du coll\u00e8ge\u00a0!<\/span><\/p>\n<p><span style=\"font-weight: 400;\">Par votre soutien vous donnez \u00e0 un enfant la possibilit\u00e9 d\u2019achever son \u00e9ducation \u00e9l\u00e9mentaire, en posant les <\/span><b>fondations de son avenir<\/b><span style=\"font-weight: 400;\">.\u00a0<\/span><\/p>\n<p><span style=\"font-weight: 400;\">Remplissez la fiche de renseignements et contactez-nous pour plus d\u2019informations\u00a0! Aidez-nous \u00e0 r\u00e9aliser notre projet \u00e9ducatif\u00a0!\u00a0\u00a0\u00a0<\/span><\/p>\n\t\t\t\t\t\t\t\t<\/div>\n\t\t\t\t<\/div>\n\t\t\t\t<\/div>\n\t\t<div data-particle_enable=\"false\" data-particle-mobile-disabled=\"false\" class=\"elementor-element elementor-element-f2bd0b1 e-con-full e-flex e-con e-child\" data-id=\"f2bd0b1\" data-element_type=\"container\" data-settings=\"{&quot;background_background&quot;:&quot;classic&quot;}\">\n\t\t\t\t<div class=\"elementor-element elementor-element-69f3def elementor-widget elementor-widget-heading\" data-id=\"69f3def\" data-element_type=\"widget\" data-widget_type=\"heading.default\">\n\t\t\t\t<div class=\"elementor-widget-container\">\n\t\t\t\t\t<h2 class=\"elementor-heading-title elementor-size-default\">Formulaire d'int\u00e9r\u00eat<\/h2>\t\t\t\t<\/div>\n\t\t\t\t<\/div>\n\t\t\t\t<div class=\"elementor-element elementor-element-6700f02 elementor-widget__width-initial elementor-widget elementor-widget-heading\" data-id=\"6700f02\" data-element_type=\"widget\" data-widget_type=\"heading.default\">\n\t\t\t\t<div class=\"elementor-widget-container\">\n\t\t\t\t\t<h2 class=\"elementor-heading-title elementor-size-default\">Parrainage de la scolarit\u00e9 compl\u00e8te des 6 classes du coll\u00e8ge pour un enfant sp\u00e9cifique.<\/h2>\t\t\t\t<\/div>\n\t\t\t\t<\/div>\n\t\t<div data-particle_enable=\"false\" data-particle-mobile-disabled=\"false\" class=\"elementor-element elementor-element-d4dcf69 e-con-full e-flex e-con e-child\" data-id=\"d4dcf69\" data-element_type=\"container\">\n\t\t\t\t<div class=\"elementor-element elementor-element-8302a52 elementor-button-align-start elementor-widget elementor-widget-form\" data-id=\"8302a52\" data-element_type=\"widget\" data-settings=\"{&quot;step_next_label&quot;:&quot;\\u0395\\u03c0\\u03cc\\u03bc\\u03b5\\u03bd\\u03bf&quot;,&quot;step_previous_label&quot;:&quot;Previous&quot;,&quot;button_width&quot;:&quot;100&quot;,&quot;step_type&quot;:&quot;number_text&quot;,&quot;step_icon_shape&quot;:&quot;circle&quot;}\" data-widget_type=\"form.default\">\n\t\t\t\t<div class=\"elementor-widget-container\">\n\t\t\t\t\t\t\t<form class=\"elementor-form\" method=\"post\" name=\"Formulaire d&#039;int\u00e9r\u00eat\">\n\t\t\t<input type=\"hidden\" name=\"post_id\" value=\"2663\"\/>\n\t\t\t<input type=\"hidden\" name=\"form_id\" value=\"8302a52\"\/>\n\t\t\t<input type=\"hidden\" name=\"referer_title\" value=\"Parrainage de la scolarit\u00e9 compl\u00e8te des 6 classes du coll\u00e8ge pour un enfant sp\u00e9cifique. | LIFE SANCTUARY\" \/>\n\n\t\t\t\t\t\t\t<input type=\"hidden\" name=\"queried_id\" value=\"2663\"\/>\n\t\t\t\n\t\t\t<div class=\"elementor-form-fields-wrapper elementor-labels-above\">\n\t\t\t\t\t\t\t\t<div class=\"elementor-field-type-text elementor-field-group elementor-column elementor-field-group-name elementor-col-50 elementor-field-required\">\n\t\t\t\t\t\t\t\t\t\t\t\t<label for=\"form-field-name\" class=\"elementor-field-label\">\n\t\t\t\t\t\t\t\tNOM\t\t\t\t\t\t\t<\/label>\n\t\t\t\t\t\t\t\t\t\t\t\t\t\t<input size=\"1\" type=\"text\" name=\"form_fields[name]\" id=\"form-field-name\" class=\"elementor-field elementor-size-sm  elementor-field-textual\" required=\"required\">\n\t\t\t\t\t\t\t\t\t\t\t<\/div>\n\t\t\t\t\t\t\t\t<div class=\"elementor-field-type-text elementor-field-group elementor-column elementor-field-group-field_8db8c41 elementor-col-50 elementor-field-required\">\n\t\t\t\t\t\t\t\t\t\t\t\t<label for=\"form-field-field_8db8c41\" class=\"elementor-field-label\">\n\t\t\t\t\t\t\t\tPR\u00c9NOM\t\t\t\t\t\t\t<\/label>\n\t\t\t\t\t\t\t\t\t\t\t\t\t\t<input size=\"1\" type=\"text\" name=\"form_fields[field_8db8c41]\" id=\"form-field-field_8db8c41\" class=\"elementor-field elementor-size-sm  elementor-field-textual\" required=\"required\">\n\t\t\t\t\t\t\t\t\t\t\t<\/div>\n\t\t\t\t\t\t\t\t<div class=\"elementor-field-type-email elementor-field-group elementor-column elementor-field-group-email elementor-col-50 elementor-field-required\">\n\t\t\t\t\t\t\t\t\t\t\t\t<label for=\"form-field-email\" class=\"elementor-field-label\">\n\t\t\t\t\t\t\t\tEMAIL\t\t\t\t\t\t\t<\/label>\n\t\t\t\t\t\t\t\t\t\t\t\t\t\t<input size=\"1\" type=\"email\" name=\"form_fields[email]\" id=\"form-field-email\" class=\"elementor-field elementor-size-sm  elementor-field-textual\" required=\"required\">\n\t\t\t\t\t\t\t\t\t\t\t<\/div>\n\t\t\t\t\t\t\t\t<div class=\"elementor-field-type-tel elementor-field-group elementor-column elementor-field-group-field_91ad880 elementor-col-50\">\n\t\t\t\t\t\t\t\t\t\t\t\t<label for=\"form-field-field_91ad880\" class=\"elementor-field-label\">\n\t\t\t\t\t\t\t\tT\u00c9L\u00c9PHONE\t\t\t\t\t\t\t<\/label>\n\t\t\t\t\t\t\t\t<input size=\"1\" type=\"tel\" name=\"form_fields[field_91ad880]\" id=\"form-field-field_91ad880\" class=\"elementor-field elementor-size-sm  elementor-field-textual\" pattern=\"[0-9()#&amp;+*-=.]+\" title=\"Seuls les caract\u00e8res de num\u00e9ros de t\u00e9l\u00e9phone (#, -, *, etc.) sont accept\u00e9s.\">\n\n\t\t\t\t\t\t<\/div>\n\t\t\t\t\t\t\t\t<div class=\"elementor-field-type-textarea elementor-field-group elementor-column elementor-field-group-message elementor-col-100\">\n\t\t\t\t\t\t\t\t\t\t\t\t<label for=\"form-field-message\" class=\"elementor-field-label\">\n\t\t\t\t\t\t\t\tMESSAGE\t\t\t\t\t\t\t<\/label>\n\t\t\t\t\t\t<textarea class=\"elementor-field-textual elementor-field  elementor-size-sm\" name=\"form_fields[message]\" id=\"form-field-message\" rows=\"4\"><\/textarea>\t\t\t\t<\/div>\n\t\t\t\t\t\t\t\t<div class=\"elementor-field-type-acceptance elementor-field-group elementor-column elementor-field-group-field_f442f7d elementor-col-100 elementor-field-required\">\n\t\t\t\t\t\t\t\t\t\t\t\t<label for=\"form-field-field_f442f7d\" class=\"elementor-field-label\">\n\t\t\t\t\t\t\t\tACCEPTATION\t\t\t\t\t\t\t<\/label>\n\t\t\t\t\t\t\t\t<div class=\"elementor-field-subgroup\">\n\t\t\t<span class=\"elementor-field-option\">\n\t\t\t\t<input type=\"checkbox\" name=\"form_fields[field_f442f7d]\" id=\"form-field-field_f442f7d\" class=\"elementor-field elementor-size-sm  elementor-acceptance-field\" required=\"required\">\n\t\t\t\t<label for=\"form-field-field_f442f7d\">J'ai lu et j'accepte les <a href=\"https:\/\/life-sanctuary.com\/fr\/conditions-dutilisation\/\">Conditions d'utilisation<\/a> et la <a href=\"https:\/\/life-sanctuary.com\/fr\/politique-de-confidentialite\/\">Politique de confidentialit\u00e9<\/a><\/label>\t\t\t<\/span>\n\t\t<\/div>\n\t\t\t\t\t\t<\/div>\n\t\t\t\t\t\t\t\t<div class=\"elementor-field-type-recaptcha_v3 elementor-field-group elementor-column elementor-field-group-field_a4026fc elementor-col-100 recaptcha_v3-bottomright\">\n\t\t\t\t\t<div class=\"elementor-field\" id=\"form-field-field_a4026fc\"><div class=\"elementor-g-recaptcha\" data-sitekey=\"6LdscHsqAAAAAJOgRzod8MsSrx_kvZ8PfcpAtlGY\" data-type=\"v3\" data-action=\"Form\" data-badge=\"bottomright\" data-size=\"invisible\"><\/div><\/div>\t\t\t\t<\/div>\n\t\t\t\t\t\t\t\t<div class=\"elementor-field-type-text\">\n\t\t\t\t\t<input size=\"1\" type=\"text\" name=\"form_fields[field_ea766f2]\" id=\"form-field-field_ea766f2\" class=\"elementor-field elementor-size-sm \" style=\"display:none !important;\">\t\t\t\t<\/div>\n\t\t\t\t\t\t\t\t<div class=\"elementor-field-group elementor-column elementor-field-type-submit elementor-col-100 e-form__buttons\">\n\t\t\t\t\t<button class=\"elementor-button elementor-size-md\" type=\"submit\">\n\t\t\t\t\t\t<span class=\"elementor-button-content-wrapper\">\n\t\t\t\t\t\t\t\t\t\t\t\t\t\t\t\t\t\t\t\t\t\t<span class=\"elementor-button-text\">ENVOYER<\/span>\n\t\t\t\t\t\t\t\t\t\t\t\t\t<\/span>\n\t\t\t\t\t<\/button>\n\t\t\t\t<\/div>\n\t\t\t<\/div>\n\t\t<\/form>\n\t\t\t\t\t\t<\/div>\n\t\t\t\t<\/div>\n\t\t\t\t<\/div>\n\t\t\t\t<\/div>\n\t\t\t\t\t<\/div>\n\t\t\t\t<\/div>\n\t\t\t\t<\/div>\n\t\t","protected":false},"excerpt":{"rendered":"<p>Parrainage de la scolarit\u00e9 compl\u00e8te des 6 classes du coll\u00e8ge pour un enfant sp\u00e9cifique. Soutenez notre action ! Devenez parrain de la scolarit\u00e9 compl\u00e8te d\u2019un \u00e9colier et prenez en charge les frais de scolarit\u00e9 des six ann\u00e9es du coll\u00e8ge\u00a0! Par votre soutien vous donnez \u00e0 un enfant la possibilit\u00e9 d\u2019achever son \u00e9ducation \u00e9l\u00e9mentaire, en posant [&hellip;]<\/p>\n","protected":false},"author":1,"featured_media":0,"parent":2649,"menu_order":0,"comment_status":"closed","ping_status":"closed","template":"","meta":{"_acf_changed":false,"footnotes":""},"class_list":["post-2663","page","type-page","status-publish","hentry"],"acf":[],"_links":{"self":[{"href":"https:\/\/life-sanctuary.com\/fr\/wp-json\/wp\/v2\/pages\/2663","targetHints":{"allow":["GET"]}}],"collection":[{"href":"https:\/\/life-sanctuary.com\/fr\/wp-json\/wp\/v2\/pages"}],"about":[{"href":"https:\/\/life-sanctuary.com\/fr\/wp-json\/wp\/v2\/types\/page"}],"author":[{"embeddable":true,"href":"https:\/\/life-sanctuary.com\/fr\/wp-json\/wp\/v2\/users\/1"}],"replies":[{"embeddable":true,"href":"https:\/\/life-sanctuary.com\/fr\/wp-json\/wp\/v2\/comments?post=2663"}],"version-history":[{"count":5,"href":"https:\/\/life-sanctuary.com\/fr\/wp-json\/wp\/v2\/pages\/2663\/revisions"}],"predecessor-version":[{"id":2672,"href":"https:\/\/life-sanctuary.com\/fr\/wp-json\/wp\/v2\/pages\/2663\/revisions\/2672"}],"up":[{"embeddable":true,"href":"https:\/\/life-sanctuary.com\/fr\/wp-json\/wp\/v2\/pages\/2649"}],"wp:attachment":[{"href":"https:\/\/life-sanctuary.com\/fr\/wp-json\/wp\/v2\/media?parent=2663"}],"curies":[{"name":"wp","href":"https:\/\/api.w.org\/{rel}","templated":true}]}}