{"id":2661,"date":"2024-11-11T15:18:28","date_gmt":"2024-11-11T13:18:28","guid":{"rendered":"https:\/\/life-sanctuary.com\/conditions-dutilisation\/"},"modified":"2025-03-13T12:03:54","modified_gmt":"2025-03-13T10:03:54","slug":"conditions-dutilisation","status":"publish","type":"page","link":"https:\/\/life-sanctuary.com\/fr\/conditions-dutilisation\/","title":{"rendered":"Conditions d&rsquo;utilisation"},"content":{"rendered":"\t\t<div data-elementor-type=\"wp-page\" data-elementor-id=\"2661\" class=\"elementor elementor-2661 elementor-1971\" data-elementor-post-type=\"page\">\n\t\t\t\t<div data-particle_enable=\"false\" data-particle-mobile-disabled=\"false\" class=\"elementor-element elementor-element-a134565 e-flex e-con-boxed e-con e-parent\" data-id=\"a134565\" data-element_type=\"container\" data-settings=\"{&quot;background_background&quot;:&quot;classic&quot;}\">\n\t\t\t\t\t<div class=\"e-con-inner\">\n\t\t\t\t<div class=\"elementor-element elementor-element-59334f2 elementor-widget elementor-widget-heading\" data-id=\"59334f2\" data-element_type=\"widget\" data-widget_type=\"heading.default\">\n\t\t\t\t<div class=\"elementor-widget-container\">\n\t\t\t\t\t<h2 class=\"elementor-heading-title elementor-size-default\">Conditions d&rsquo;utilisation<\/h2>\t\t\t\t<\/div>\n\t\t\t\t<\/div>\n\t\t\t\t\t<\/div>\n\t\t\t\t<\/div>\n\t\t<div data-particle_enable=\"false\" data-particle-mobile-disabled=\"false\" class=\"elementor-element elementor-element-510cab1 e-flex e-con-boxed e-con e-parent\" data-id=\"510cab1\" data-element_type=\"container\">\n\t\t\t\t\t<div class=\"e-con-inner\">\n\t\t<div data-particle_enable=\"false\" data-particle-mobile-disabled=\"false\" class=\"elementor-element elementor-element-f1fa3ff e-con-full e-flex e-con e-child\" data-id=\"f1fa3ff\" data-element_type=\"container\">\n\t\t\t\t<div class=\"elementor-element elementor-element-13338aa elementor-widget elementor-widget-heading\" data-id=\"13338aa\" data-element_type=\"widget\" data-widget_type=\"heading.default\">\n\t\t\t\t<div class=\"elementor-widget-container\">\n\t\t\t\t\t<h2 class=\"elementor-heading-title elementor-size-default\">Conditions d&rsquo;utilisation<\/h2>\t\t\t\t<\/div>\n\t\t\t\t<\/div>\n\t\t\t\t<div class=\"elementor-element elementor-element-ad5d411 elementor-widget elementor-widget-text-editor\" data-id=\"ad5d411\" data-element_type=\"widget\" data-widget_type=\"text-editor.default\">\n\t\t\t\t<div class=\"elementor-widget-container\">\n\t\t\t\t\t\t\t\t\t<p data-start=\"32\" data-end=\"256\"><strong data-start=\"32\" data-end=\"256\">Introduction<br data-start=\"46\" data-end=\"49\" \/>Bienvenue sur notre site web ! Ce site appartient \u00e0 LIFE-SANCTUARY, situ\u00e9 au 196, Leoforos Syggrou, 2\u00e8me \u00e9tage, 17671 Kallithea, Attique \/ Gr\u00e8ce, et l&rsquo;adresse e-mail de contact est <a rel=\"noopener\" data-start=\"230\" data-end=\"253\">info@life-sanctuary.com<\/a>.<\/strong><\/p>\n<p><\/p>\n<p data-start=\"258\" data-end=\"376\"><strong data-start=\"258\" data-end=\"376\">Les pr\u00e9sentes Conditions d&rsquo;utilisation (\u00ab\u00a0Conditions\u00a0\u00bb) r\u00e9gissent l&rsquo;utilisation de notre site web (\u00ab\u00a0Site\u00a0\u00bb) par vous.<\/strong><\/p>\n<p><\/p>\n<p data-start=\"378\" data-end=\"545\"><strong data-start=\"378\" data-end=\"408\">Acceptation des Conditions<\/strong><br data-start=\"408\" data-end=\"411\" \/>En utilisant le Site, vous acceptez ces Conditions. Si vous n&rsquo;\u00eates pas d&rsquo;accord avec les Conditions, veuillez ne pas utiliser le Site.<\/p>\n<p><\/p>\n<p data-start=\"547\" data-end=\"791\"><strong data-start=\"547\" data-end=\"566\">Contenu du Site<\/strong><br data-start=\"566\" data-end=\"569\" \/>Le contenu du Site, y compris les textes, graphiques, images, logiciels et autres mat\u00e9riaux (\u00ab\u00a0Contenu\u00a0\u00bb), appartient ou est g\u00e9r\u00e9 par notre entreprise ou par des tiers auxquels nous avons donn\u00e9 l&rsquo;autorisation correspondante.<\/p>\n<p><\/p>\n<p data-start=\"793\" data-end=\"1196\"><strong data-start=\"793\" data-end=\"816\">Utilisation du Site<\/strong><br data-start=\"816\" data-end=\"819\" \/>Ce site fonctionne uniquement \u00e0 des fins d&rsquo;information et ne permet pas de r\u00e9aliser des transactions. Vous pouvez uniquement trouver des informations sur nos services ainsi que sur les points de service partenaires o\u00f9 nos services sont fournis. Nous vous accordons une licence non exclusive et non transf\u00e9rable pour utiliser le Site \u00e0 des fins personnelles et non commerciales.<\/p>\n<p><\/p>\n<p data-start=\"1198\" data-end=\"1259\"><strong data-start=\"1198\" data-end=\"1215\">Interdictions<\/strong><br data-start=\"1215\" data-end=\"1218\" \/>Il est interdit d&rsquo;utiliser le Site pour :<\/p>\n<ul data-start=\"1261\" data-end=\"1507\"> \t<\/p>\n<li data-start=\"1261\" data-end=\"1301\">Tout objectif ill\u00e9gal ou non autoris\u00e9.<\/li>\n<p> \t<\/p>\n<li data-start=\"1302\" data-end=\"1361\">La violation de toute loi, r\u00e8glement ou droit d&rsquo;un tiers.<\/li>\n<p> \t<\/p>\n<li data-start=\"1362\" data-end=\"1414\">L&rsquo;envoi de spam ou d&rsquo;autres contenus ind\u00e9sirables.<\/li>\n<p> \t<\/p>\n<li data-start=\"1415\" data-end=\"1459\">La modification ou la d\u00e9gradation du Site.<\/li>\n<p> \t<\/p>\n<li data-start=\"1460\" data-end=\"1507\">L&rsquo;acc\u00e8s au Site par des moyens non autoris\u00e9s.<\/li>\n<p><\/ul>\n<p><\/p>\n<p data-start=\"1509\" data-end=\"1705\"><strong data-start=\"1509\" data-end=\"1528\">Droits d&rsquo;auteur<\/strong><br data-start=\"1528\" data-end=\"1531\" \/>Le Contenu du Site est prot\u00e9g\u00e9 par des droits d&rsquo;auteur. Il est interdit de copier, reproduire, modifier, distribuer ou afficher publiquement le Contenu sans notre permission.<\/p>\n<p><\/p>\n<p data-start=\"1707\" data-end=\"1927\"><strong data-start=\"1707\" data-end=\"1740\">Exon\u00e9ration de responsabilit\u00e9<\/strong><br data-start=\"1740\" data-end=\"1743\" \/>LIFE-SANCTUARY n&rsquo;est pas responsable de toute perte ou dommage r\u00e9sultant de l&rsquo;utilisation ou de l&rsquo;incapacit\u00e9 d&rsquo;utiliser notre site. En particulier, nous ne sommes pas responsables de :<\/p>\n<ul data-start=\"1929\" data-end=\"2078\"> \t<\/p>\n<li data-start=\"1929\" data-end=\"1972\">Toute erreur ou omission dans le Contenu.<\/li>\n<p> \t<\/p>\n<li data-start=\"1973\" data-end=\"2017\">Toute interruption ou d\u00e9faillance du Site.<\/li>\n<p> \t<\/p>\n<li data-start=\"2018\" data-end=\"2078\">Toute perte ou dommage r\u00e9sultant de l&rsquo;utilisation du Site.<\/li>\n<p><\/ul>\n<p><\/p>\n<p data-start=\"2080\" data-end=\"2261\"><strong data-start=\"2080\" data-end=\"2111\">Modification des Conditions<\/strong><br data-start=\"2111\" data-end=\"2114\" \/>Nous nous r\u00e9servons le droit de modifier ces Conditions \u00e0 tout moment. Les modifications prendront effet \u00e0 la date de leur publication sur le Site.<\/p>\n<p><\/p>\n<p data-start=\"2263\" data-end=\"2424\"><strong data-start=\"2263\" data-end=\"2302\">Protection des donn\u00e9es personnelles<\/strong><br data-start=\"2302\" data-end=\"2305\" \/>Nous respectons et prot\u00e9geons vos donn\u00e9es personnelles. La gestion et la s\u00e9curit\u00e9 de vos informations sont r\u00e9gies par :<\/p>\n<ul data-start=\"2426\" data-end=\"3123\"> \t<\/p>\n<li data-start=\"2426\" data-end=\"2583\">Les lois sur la protection des donn\u00e9es : Nous suivons strictement les dispositions de la l\u00e9gislation applicable sur la protection des donn\u00e9es personnelles.<\/li>\n<p> \t<\/p>\n<li data-start=\"2584\" data-end=\"2764\">Les d\u00e9cisions de l&rsquo;Autorit\u00e9 de Protection des Donn\u00e9es : Nous nous conformons aux d\u00e9cisions et aux directives de l&rsquo;Autorit\u00e9 comp\u00e9tente pour la protection des donn\u00e9es personnelles.<\/li>\n<p> \t<\/p>\n<li data-start=\"2765\" data-end=\"2971\">La Politique de Protection des Donn\u00e9es Personnelles : Vous pouvez trouver ici des informations d\u00e9taill\u00e9es sur la mani\u00e8re dont nous collectons, traitons et prot\u00e9geons vos donn\u00e9es, ainsi que sur vos droits.<\/li>\n<p> \t<\/p>\n<li data-start=\"2972\" data-end=\"3123\">La Politique des Cookies : Vous pouvez en savoir plus sur les cookies que nous utilisons sur notre site et sur la mani\u00e8re dont vous pouvez les g\u00e9rer.<\/li>\n<p><\/ul>\n<p><\/p>\n<p data-start=\"3125\" data-end=\"3229\"><strong data-start=\"3125\" data-end=\"3145\">Droit applicable<\/strong><br data-start=\"3145\" data-end=\"3148\" \/>Ces Conditions sont r\u00e9gies et interpr\u00e9t\u00e9es conform\u00e9ment \u00e0 la l\u00e9gislation grecque.<\/p>\n<p><\/p>\n<p data-start=\"3231\" data-end=\"3486\"><strong data-start=\"3231\" data-end=\"3259\">R\u00e8glement des diff\u00e9rends<\/strong><br data-start=\"3259\" data-end=\"3262\" \/>Tout diff\u00e9rend d\u00e9coulant de ou en relation avec les pr\u00e9sentes conditions sera r\u00e9solu \u00e0 l&rsquo;amiable. Si une solution amiable n&rsquo;est pas trouv\u00e9e, le diff\u00e9rend sera soumis \u00e0 la juridiction exclusive des tribunaux d&rsquo;Ath\u00e8nes, Gr\u00e8ce.<\/p>\n<p><\/p>\n<p data-start=\"3488\" data-end=\"3664\" data-is-last-node=\"\" data-is-only-node=\"\"><strong data-start=\"3488\" data-end=\"3499\">Contact<\/strong><br data-start=\"3499\" data-end=\"3502\" \/>Si vous avez des questions ou des pr\u00e9occupations concernant ces Conditions, veuillez nous contacter par t\u00e9l\u00e9phone ou par e-mail comme indiqu\u00e9 dans l&rsquo;Introduction.<\/p>\n\t\t\t\t\t\t\t\t<\/div>\n\t\t\t\t<\/div>\n\t\t\t\t<\/div>\n\t\t\t\t\t<\/div>\n\t\t\t\t<\/div>\n\t\t\t\t<\/div>\n\t\t","protected":false},"excerpt":{"rendered":"<p>IntroductionBienvenue sur notre site web ! Ce site appartient \u00e0 LIFE-SANCTUARY, situ\u00e9 au 196, Leoforos Syggrou, 2\u00e8me \u00e9tage, 17671 Kallithea, Attique \/ Gr\u00e8ce, et l&rsquo;adresse e-mail de contact est info@life-sanctuary.com. Les pr\u00e9sentes Conditions d&rsquo;utilisation (\u00ab\u00a0Conditions\u00a0\u00bb) r\u00e9gissent l&rsquo;utilisation de notre site web (\u00ab\u00a0Site\u00a0\u00bb) par vous. Acceptation des ConditionsEn utilisant le Site, vous acceptez ces Conditions. Si [&hellip;]<\/p>\n","protected":false},"author":1,"featured_media":0,"parent":0,"menu_order":0,"comment_status":"closed","ping_status":"closed","template":"","meta":{"_acf_changed":false,"footnotes":""},"class_list":["post-2661","page","type-page","status-publish","hentry"],"acf":[],"_links":{"self":[{"href":"https:\/\/life-sanctuary.com\/fr\/wp-json\/wp\/v2\/pages\/2661","targetHints":{"allow":["GET"]}}],"collection":[{"href":"https:\/\/life-sanctuary.com\/fr\/wp-json\/wp\/v2\/pages"}],"about":[{"href":"https:\/\/life-sanctuary.com\/fr\/wp-json\/wp\/v2\/types\/page"}],"author":[{"embeddable":true,"href":"https:\/\/life-sanctuary.com\/fr\/wp-json\/wp\/v2\/users\/1"}],"replies":[{"embeddable":true,"href":"https:\/\/life-sanctuary.com\/fr\/wp-json\/wp\/v2\/comments?post=2661"}],"version-history":[{"count":1,"href":"https:\/\/life-sanctuary.com\/fr\/wp-json\/wp\/v2\/pages\/2661\/revisions"}],"predecessor-version":[{"id":2662,"href":"https:\/\/life-sanctuary.com\/fr\/wp-json\/wp\/v2\/pages\/2661\/revisions\/2662"}],"wp:attachment":[{"href":"https:\/\/life-sanctuary.com\/fr\/wp-json\/wp\/v2\/media?parent=2661"}],"curies":[{"name":"wp","href":"https:\/\/api.w.org\/{rel}","templated":true}]}}