{"id":2638,"date":"2024-11-11T15:17:02","date_gmt":"2024-11-11T13:17:02","guid":{"rendered":"https:\/\/life-sanctuary.com\/politique-de-confidentialite\/"},"modified":"2025-03-13T11:29:20","modified_gmt":"2025-03-13T09:29:20","slug":"politique-de-confidentialite","status":"publish","type":"page","link":"https:\/\/life-sanctuary.com\/fr\/politique-de-confidentialite\/","title":{"rendered":"Politique de confidentialit\u00e9"},"content":{"rendered":"\t\t<div data-elementor-type=\"wp-page\" data-elementor-id=\"2638\" class=\"elementor elementor-2638 elementor-1966\" data-elementor-post-type=\"page\">\n\t\t\t\t<div data-particle_enable=\"false\" data-particle-mobile-disabled=\"false\" class=\"elementor-element elementor-element-a134565 e-flex e-con-boxed e-con e-parent\" data-id=\"a134565\" data-element_type=\"container\" data-settings=\"{&quot;background_background&quot;:&quot;classic&quot;}\">\n\t\t\t\t\t<div class=\"e-con-inner\">\n\t\t\t\t<div class=\"elementor-element elementor-element-59334f2 elementor-widget elementor-widget-heading\" data-id=\"59334f2\" data-element_type=\"widget\" data-widget_type=\"heading.default\">\n\t\t\t\t<div class=\"elementor-widget-container\">\n\t\t\t\t\t<h2 class=\"elementor-heading-title elementor-size-default\">Politique de confidentialit\u00e9<\/h2>\t\t\t\t<\/div>\n\t\t\t\t<\/div>\n\t\t\t\t\t<\/div>\n\t\t\t\t<\/div>\n\t\t<div data-particle_enable=\"false\" data-particle-mobile-disabled=\"false\" class=\"elementor-element elementor-element-510cab1 e-flex e-con-boxed e-con e-parent\" data-id=\"510cab1\" data-element_type=\"container\">\n\t\t\t\t\t<div class=\"e-con-inner\">\n\t\t<div data-particle_enable=\"false\" data-particle-mobile-disabled=\"false\" class=\"elementor-element elementor-element-f1fa3ff e-con-full e-flex e-con e-child\" data-id=\"f1fa3ff\" data-element_type=\"container\">\n\t\t\t\t<div class=\"elementor-element elementor-element-13338aa elementor-widget elementor-widget-heading\" data-id=\"13338aa\" data-element_type=\"widget\" data-widget_type=\"heading.default\">\n\t\t\t\t<div class=\"elementor-widget-container\">\n\t\t\t\t\t<h2 class=\"elementor-heading-title elementor-size-default\">Politique de confidentialit\u00e9<\/h2>\t\t\t\t<\/div>\n\t\t\t\t<\/div>\n\t\t\t\t<div class=\"elementor-element elementor-element-ad5d411 elementor-widget elementor-widget-text-editor\" data-id=\"ad5d411\" data-element_type=\"widget\" data-widget_type=\"text-editor.default\">\n\t\t\t\t<div class=\"elementor-widget-container\">\n\t\t\t\t\t\t\t\t\t<p data-start=\"45\" data-end=\"244\">Avec la nouvelle l\u00e9gislation sur la protection des donn\u00e9es personnelles entr\u00e9e en vigueur le 25 mai 2018, nous souhaitons vous informer et vous assurer de la s\u00e9curit\u00e9 de vos donn\u00e9es personnelles.<\/p>\n<p><\/p>\n<p data-start=\"246\" data-end=\"393\">Vos informations sont stock\u00e9es en toute s\u00e9curit\u00e9 dans notre syst\u00e8me. Vos donn\u00e9es ne sont partag\u00e9es avec personne et ne sont vendues nulle part.<\/p>\n<p><\/p>\n<p data-start=\"395\" data-end=\"721\">Bien que personne ne puisse garantir une protection \u00e0 100 % contre les violations de donn\u00e9es, soyez assur\u00e9 que nous ferons tout notre possible pour prot\u00e9ger vos donn\u00e9es personnelles. Si nous d\u00e9tectons un probl\u00e8me concernant leur s\u00e9curit\u00e9, nous prendrons toutes les mesures n\u00e9cessaires pour limiter et corriger le probl\u00e8me.<\/p>\n<p><\/p>\n<p data-start=\"723\" data-end=\"1353\">Cette politique (ainsi que les conditions d&rsquo;utilisation que nous avons et toute autre information pertinente pr\u00e9sente sur ce site) constitue le cadre dans lequel nous op\u00e9rons concernant la collecte, la fourniture et le traitement de vos donn\u00e9es personnelles. Nous vous prions de lire attentivement ce qui suit afin de comprendre nos points de vue et nos pratiques concernant vos donn\u00e9es personnelles et comment nous les utiliserons. Lors de votre visite sur notre site web, nous conservons certaines informations essentielles, reconnaissons l&rsquo;importance de prot\u00e9ger ces informations et vous informons de ce que nous en ferons.<\/p>\n<p><\/p>\n<p data-start=\"1355\" data-end=\"1814\">Cette politique concerne uniquement notre site web. Si, via un lien ou autrement, vous acc\u00e9dez \u00e0 un autre site, sachez que cet autre site est soumis \u00e0 sa propre politique de confidentialit\u00e9 et \u00e0 ses propres conditions d&rsquo;utilisation. Nous n&rsquo;avons aucun contr\u00f4le sur cette politique ni sur les conditions d&rsquo;utilisation de l&rsquo;autre site, et nous ne pouvons en \u00eatre tenus responsables. Vous devez consulter la politique sp\u00e9cifique de ce site avant d&rsquo;y acc\u00e9der.<\/p>\n<p><\/p>\n<p data-start=\"1816\" data-end=\"1874\">Informations que nous pouvons collecter aupr\u00e8s de vous<\/p>\n<p><\/p>\n<p data-start=\"1876\" data-end=\"1961\">Nous collectons et traitons les informations suivantes que vous nous fournissez :<\/p>\n<ul data-start=\"1963\" data-end=\"2934\"> \t<\/p>\n<li data-start=\"1963\" data-end=\"2316\">\n<p data-start=\"1965\" data-end=\"2316\">Informations que vous nous fournissez en remplissant des formulaires sur notre site web life-sanctuary.com. Les informations fournies lors de votre inscription sur notre site, pour utiliser l&rsquo;un de nos services ou pour la communication entre nous. Il peut \u00e9galement \u00eatre demand\u00e9 des informations si un probl\u00e8me concernant l&rsquo;entreprise est signal\u00e9.<\/p>\n<p><\/li>\n<p> \t<\/p>\n<li data-start=\"2318\" data-end=\"2411\">\n<p data-start=\"2320\" data-end=\"2411\">En cas de contact avec nous, nous pouvons conserver un dossier de notre correspondance.<\/p>\n<p><\/li>\n<p> \t<\/p>\n<li data-start=\"2413\" data-end=\"2562\">\n<p data-start=\"2415\" data-end=\"2562\">Il se peut aussi que nous vous demandions de remplir un questionnaire \u00e0 des fins de recherche, bien que vous ne soyez pas oblig\u00e9 de le remplir.<\/p>\n<p><\/li>\n<p> \t<\/p>\n<li data-start=\"2564\" data-end=\"2934\">\n<p data-start=\"2566\" data-end=\"2934\">Des d\u00e9tails concernant vos visites sur notre site, y compris mais sans s&rsquo;y limiter, les donn\u00e9es de trafic, de localisation, de blogs, de syst\u00e8me d&rsquo;exploitation, l&rsquo;utilisation du navigateur et d&rsquo;autres donn\u00e9es de communication, que cela soit requis pour nos propres fins de facturation ou de toute autre mani\u00e8re, ainsi que les ressources auxquelles vous avez acc\u00e8s.<\/p>\n<p><\/li>\n<p><\/ul>\n<p><\/p>\n<p data-start=\"2936\" data-end=\"2962\"><strong>Adresses IP et Cookies<\/strong><\/p>\n<p><\/p>\n<p data-start=\"2964\" data-end=\"3433\">Nous pouvons collecter des informations concernant votre ordinateur, y compris la disponibilit\u00e9 de l&rsquo;adresse IP, le syst\u00e8me d&rsquo;exploitation et le type de navigateur pour la gestion du syst\u00e8me et la soumission d&rsquo;informations sp\u00e9cifiques \u00e0 nos annonceurs. Il s&rsquo;agit de statistiques concernant les actions et les habitudes de navigation de nos utilisateurs, sans identifier de personne en particulier, et nous ne collectons pas de donn\u00e9es personnelles de cette mani\u00e8re.<\/p>\n<p><\/p>\n<p data-start=\"3435\" data-end=\"3818\">Nous pouvons recevoir des informations sur l&rsquo;utilisation g\u00e9n\u00e9rale de votre Internet en utilisant un fichier cookie qui est stock\u00e9 sur le disque dur de votre ordinateur. Les cookies contiennent des informations qui sont transf\u00e9r\u00e9es sur le disque dur de votre ordinateur. Ils nous aident \u00e0 am\u00e9liorer notre site web et \u00e0 fournir un service de meilleure qualit\u00e9 et plus personnalis\u00e9.<\/p>\n<p><\/p>\n<p data-start=\"3820\" data-end=\"3848\">Ils nous permettent de :<\/p>\n<ul data-start=\"3850\" data-end=\"4116\"> \t<\/p>\n<li data-start=\"3850\" data-end=\"3920\">Calculer la taille de notre public et les mod\u00e8les d&rsquo;utilisation.<\/li>\n<p> \t<\/p>\n<li data-start=\"3921\" data-end=\"4024\">Stocker des informations sur vos pr\u00e9f\u00e9rences afin d&rsquo;adapter notre site \u00e0 vos int\u00e9r\u00eats personnels.<\/li>\n<p> \t<\/p>\n<li data-start=\"4025\" data-end=\"4056\">Acc\u00e9l\u00e9rer vos recherches.<\/li>\n<p> \t<\/p>\n<li data-start=\"4057\" data-end=\"4116\">Vous reconna\u00eetre lorsque vous revenez sur notre site.<\/li>\n<p><\/ul>\n<p><\/p>\n<p data-start=\"4118\" data-end=\"4524\">Vous pouvez refuser d&rsquo;accepter les cookies en activant le param\u00e8tre dans votre navigateur qui vous permet de refuser les cookies. Cependant, si vous choisissez cette option, vous ne pourrez peut-\u00eatre pas acc\u00e9der \u00e0 certaines parties de notre site. \u00c0 moins que vous n&rsquo;ayez configur\u00e9 votre navigateur pour refuser les cookies, notre syst\u00e8me g\u00e9n\u00e9rera des cookies lorsque vous vous connecterez \u00e0 notre site.<\/p>\n<p><\/p>\n<p data-start=\"4526\" data-end=\"4571\"><strong>O\u00f9 nous stockons vos donn\u00e9es personnelles<\/strong><\/p>\n<p><\/p>\n<p data-start=\"4573\" data-end=\"4894\">Les donn\u00e9es personnelles que vous nous fournissez sont stock\u00e9es uniquement pour vos transactions avec notre entreprise et concernent uniquement les informations que vous nous fournissez, que ce soit par email, en remplissant le formulaire de contact, via les r\u00e9seaux sociaux, par t\u00e9l\u00e9phone, ou en visitant nos locaux.<\/p>\n<p><\/p>\n<p data-start=\"4896\" data-end=\"5289\">Toutes les informations que vous nous fournissez sont stock\u00e9es sur nos serveurs s\u00e9curis\u00e9s. Les transactions de paiement seront crypt\u00e9es. Si nous vous avons donn\u00e9 (ou si vous avez choisi) un mot de passe pour acc\u00e9der \u00e0 certaines sections de notre site, vous \u00eates responsable de la confidentialit\u00e9 de ce mot de passe. Nous vous demandons de ne pas partager votre mot de passe avec quiconque.<\/p>\n<p><\/p>\n<p data-start=\"5291\" data-end=\"5748\">Malheureusement, la transmission d&rsquo;informations via Internet n&rsquo;est jamais totalement s\u00e9curis\u00e9e. Bien que nous fassions de notre mieux pour prot\u00e9ger vos donn\u00e9es personnelles, nous ne pouvons pas garantir la s\u00e9curit\u00e9 des donn\u00e9es transmises \u00e0 notre site. Toute transmission se fait \u00e0 vos propres risques. D\u00e8s que nous recevons vos informations, nous utiliserons des proc\u00e9dures strictes et des normes de s\u00e9curit\u00e9 pour tenter d&#8217;emp\u00eacher l&rsquo;acc\u00e8s non autoris\u00e9.<\/p>\n<p><\/p>\n<p data-start=\"5750\" data-end=\"5785\"><strong>Utilisation de vos informations<\/strong><\/p>\n<p><\/p>\n<p data-start=\"5787\" data-end=\"6134\">Notre entreprise ne divulgue, ne publie ni n&rsquo;\u00e9change vos donn\u00e9es personnelles et les informations que vous nous fournissez avec des tiers sans votre consentement. Dans des cas exceptionnels, vos donn\u00e9es personnelles peuvent \u00eatre publi\u00e9es conform\u00e9ment aux proc\u00e9dures pr\u00e9vues par la loi si cela est exig\u00e9 par une autorit\u00e9 publique ou judiciaire.<\/p>\n<p><\/p>\n<p data-start=\"6136\" data-end=\"6389\">Vos donn\u00e9es (nom, adresse, t\u00e9l\u00e9phone) seront partag\u00e9es avec des tiers uniquement dans la mesure o\u00f9 cela est n\u00e9cessaire pour effectuer certaines missions (par exemple, \u00e0 une soci\u00e9t\u00e9 de livraison pour la livraison des articles que vous nous demandez).<\/p>\n<p><\/p>\n<p data-start=\"6391\" data-end=\"6483\">Nous utilisons les informations que nous d\u00e9tenons \u00e0 votre sujet de la mani\u00e8re suivante :<\/p>\n<ul data-start=\"6485\" data-end=\"7108\"> \t<\/p>\n<li data-start=\"6485\" data-end=\"6617\">Pour nous assurer que le contenu de notre site est pr\u00e9sent\u00e9 de la mani\u00e8re la plus efficace pour vous et pour votre ordinateur.<\/li>\n<p> \t<\/p>\n<li data-start=\"6618\" data-end=\"6827\">Pour vous fournir les informations, produits ou services que vous demandez ou que nous pensons susceptibles de vous int\u00e9resser, lorsque vous avez consenti \u00e0 ce que nous vous contactions \u00e0 de telles fins.<\/li>\n<p> \t<\/p>\n<li data-start=\"6828\" data-end=\"6919\">Pour remplir nos obligations r\u00e9sultant des contrats que nous avons conclus avec vous.<\/li>\n<p> \t<\/p>\n<li data-start=\"6920\" data-end=\"7041\">Pour vous permettre de participer aux fonctions interactives de notre service, lorsque vous choisissez de le faire.<\/li>\n<p> \t<\/p>\n<li data-start=\"7042\" data-end=\"7108\">Pour vous informer des changements apport\u00e9s \u00e0 notre service.<\/li>\n<p><\/ul>\n<p><\/p>\n<p data-start=\"7110\" data-end=\"7427\">Nous pouvons \u00e9galement utiliser vos donn\u00e9es ou permettre \u00e0 des tiers s\u00e9lectionn\u00e9s d&rsquo;utiliser vos donn\u00e9es pour vous fournir des informations sur des biens et services susceptibles de vous int\u00e9resser, et ces tiers ou nous-m\u00eames pourrions entrer en contact avec vous \u00e0 ce sujet, par courrier postal ou par t\u00e9l\u00e9phone.<\/p>\n<p><\/p>\n<p data-start=\"7429\" data-end=\"7667\">L&rsquo;entreprise se r\u00e9serve le droit de publier votre t\u00e9moignage sur ce site comme exemple de son travail. Si vous ne souhaitez pas que vos noms apparaissent, vous devez en informer par \u00e9crit via email \u00e0 l&rsquo;adresse <a rel=\"noopener\" data-start=\"7641\" data-end=\"7664\">info@life-sanctuary.com<\/a>.<\/p>\n<p><\/p>\n<p data-start=\"7669\" data-end=\"7683\"><strong>Vos droits<\/strong><\/p>\n<p><\/p>\n<p data-start=\"7685\" data-end=\"8108\">Vous avez le droit de nous demander de ne pas traiter vos donn\u00e9es personnelles \u00e0 des fins de marketing. En g\u00e9n\u00e9ral, nous vous informons (avant de collecter vos donn\u00e9es) si nous avons l&rsquo;intention d&rsquo;utiliser vos donn\u00e9es \u00e0 de telles fins ou si nous avons l&rsquo;intention de divulguer vos informations \u00e0 des tiers \u00e0 de telles fins. Vous pouvez \u00e9galement exercer ce droit \u00e0 tout moment en nous contactant via life-sanctuary.com.<\/p>\n<p><\/p>\n<p data-start=\"8110\" data-end=\"8496\">Notre site web peut contenir de temps \u00e0 autre des liens vers et depuis les sites web de nos partenaires et annonceurs. Si vous suivez un lien vers l&rsquo;un de ces sites, veuillez noter que ces sites ont leurs propres politiques de confidentialit\u00e9 et que nous n&rsquo;acceptons aucune responsabilit\u00e9 \u00e0 cet \u00e9gard. V\u00e9rifiez ces politiques avant de soumettre des donn\u00e9es personnelles \u00e0 ces sites.<\/p>\n<p><\/p>\n<p data-start=\"8498\" data-end=\"8550\"><strong>Modifications de la politique de confidentialit\u00e9<\/strong><\/p>\n<p><\/p>\n<p data-start=\"8552\" data-end=\"8795\">Pour toute modification qui pourrait \u00eatre apport\u00e9e \u00e0 notre politique de confidentialit\u00e9 \u00e0 l&rsquo;avenir, elle sera publi\u00e9e sur cette page et nous vous conseillons de la v\u00e9rifier r\u00e9guli\u00e8rement pour vous tenir inform\u00e9 des changements n\u00e9cessaires.<\/p>\n<p><\/p>\n<p data-start=\"8797\" data-end=\"8863\"><strong>Acceptation des proc\u00e9dures de protection de la confidentialit\u00e9<\/strong><\/p>\n<p><\/p>\n<p data-start=\"8865\" data-end=\"9059\">En utilisant ce site, vous acceptez et consentez \u00e0 la pr\u00e9sente d\u00e9claration de protection des donn\u00e9es personnelles ainsi qu&rsquo;aux termes et conditions d&rsquo;utilisation du site qui y sont indiqu\u00e9s.<\/p>\n<p><\/p>\n<p data-start=\"9061\" data-end=\"9072\"><strong>Contact<\/strong><\/p>\n<p><\/p>\n<p data-start=\"9074\" data-end=\"9230\" data-is-last-node=\"\" data-is-only-node=\"\">Les questions, commentaires et demandes concernant cette politique de confidentialit\u00e9 sont les bienvenus et peuvent \u00eatre envoy\u00e9s via life-sanctuary.com.<\/p>\n\t\t\t\t\t\t\t\t<\/div>\n\t\t\t\t<\/div>\n\t\t\t\t<\/div>\n\t\t\t\t\t<\/div>\n\t\t\t\t<\/div>\n\t\t\t\t<\/div>\n\t\t","protected":false},"excerpt":{"rendered":"<p>Avec la nouvelle l\u00e9gislation sur la protection des donn\u00e9es personnelles entr\u00e9e en vigueur le 25 mai 2018, nous souhaitons vous informer et vous assurer de la s\u00e9curit\u00e9 de vos donn\u00e9es personnelles. Vos informations sont stock\u00e9es en toute s\u00e9curit\u00e9 dans notre syst\u00e8me. Vos donn\u00e9es ne sont partag\u00e9es avec personne et ne sont vendues nulle part. Bien [&hellip;]<\/p>\n","protected":false},"author":1,"featured_media":0,"parent":0,"menu_order":0,"comment_status":"closed","ping_status":"closed","template":"","meta":{"_acf_changed":false,"footnotes":""},"class_list":["post-2638","page","type-page","status-publish","hentry"],"acf":[],"_links":{"self":[{"href":"https:\/\/life-sanctuary.com\/fr\/wp-json\/wp\/v2\/pages\/2638","targetHints":{"allow":["GET"]}}],"collection":[{"href":"https:\/\/life-sanctuary.com\/fr\/wp-json\/wp\/v2\/pages"}],"about":[{"href":"https:\/\/life-sanctuary.com\/fr\/wp-json\/wp\/v2\/types\/page"}],"author":[{"embeddable":true,"href":"https:\/\/life-sanctuary.com\/fr\/wp-json\/wp\/v2\/users\/1"}],"replies":[{"embeddable":true,"href":"https:\/\/life-sanctuary.com\/fr\/wp-json\/wp\/v2\/comments?post=2638"}],"version-history":[{"count":1,"href":"https:\/\/life-sanctuary.com\/fr\/wp-json\/wp\/v2\/pages\/2638\/revisions"}],"predecessor-version":[{"id":2639,"href":"https:\/\/life-sanctuary.com\/fr\/wp-json\/wp\/v2\/pages\/2638\/revisions\/2639"}],"wp:attachment":[{"href":"https:\/\/life-sanctuary.com\/fr\/wp-json\/wp\/v2\/media?parent=2638"}],"curies":[{"name":"wp","href":"https:\/\/api.w.org\/{rel}","templated":true}]}}