{"id":2623,"date":"2024-09-27T12:27:17","date_gmt":"2024-09-27T09:27:17","guid":{"rendered":"https:\/\/life-sanctuary.com\/life-sanctuary\/"},"modified":"2025-03-13T10:53:55","modified_gmt":"2025-03-13T08:53:55","slug":"life-sanctuary","status":"publish","type":"page","link":"https:\/\/life-sanctuary.com\/fr\/life-sanctuary\/","title":{"rendered":"Life Sanctuary"},"content":{"rendered":"\t\t<div data-elementor-type=\"wp-page\" data-elementor-id=\"2623\" class=\"elementor elementor-2623 elementor-219\" data-elementor-post-type=\"page\">\n\t\t\t\t<div data-particle_enable=\"false\" data-particle-mobile-disabled=\"false\" class=\"elementor-element elementor-element-ea72d93 e-flex e-con-boxed e-con e-parent\" data-id=\"ea72d93\" data-element_type=\"container\" data-settings=\"{&quot;background_background&quot;:&quot;classic&quot;}\">\n\t\t\t\t\t<div class=\"e-con-inner\">\n\t\t<div data-particle_enable=\"false\" data-particle-mobile-disabled=\"false\" class=\"elementor-element elementor-element-4f3fd08 e-con-full e-flex e-con e-child\" data-id=\"4f3fd08\" data-element_type=\"container\">\n\t\t\t\t<div class=\"elementor-element elementor-element-681f2a3 elementor-widget elementor-widget-heading\" data-id=\"681f2a3\" data-element_type=\"widget\" data-widget_type=\"heading.default\">\n\t\t\t\t<div class=\"elementor-widget-container\">\n\t\t\t\t\t<h2 class=\"elementor-heading-title elementor-size-default\">Life<\/h2>\t\t\t\t<\/div>\n\t\t\t\t<\/div>\n\t\t\t\t<div class=\"elementor-element elementor-element-9026176 elementor-widget elementor-widget-heading\" data-id=\"9026176\" data-element_type=\"widget\" data-widget_type=\"heading.default\">\n\t\t\t\t<div class=\"elementor-widget-container\">\n\t\t\t\t\t<h2 class=\"elementor-heading-title elementor-size-default\">Sanctuary<\/h2>\t\t\t\t<\/div>\n\t\t\t\t<\/div>\n\t\t\t\t<\/div>\n\t\t\t\t\t<\/div>\n\t\t\t\t<\/div>\n\t\t<div data-particle_enable=\"false\" data-particle-mobile-disabled=\"false\" class=\"elementor-element elementor-element-5e9b420 e-flex e-con-boxed e-con e-parent\" data-id=\"5e9b420\" data-element_type=\"container\">\n\t\t\t\t\t<div class=\"e-con-inner\">\n\t\t\t\t<div class=\"elementor-element elementor-element-7fca34a elementor-widget elementor-widget-menu-anchor\" data-id=\"7fca34a\" data-element_type=\"widget\" data-widget_type=\"menu-anchor.default\">\n\t\t\t\t<div class=\"elementor-widget-container\">\n\t\t\t\t\t\t\t<div class=\"elementor-menu-anchor\" id=\"poioi-eimaste\"><\/div>\n\t\t\t\t\t\t<\/div>\n\t\t\t\t<\/div>\n\t\t\t\t\t<\/div>\n\t\t\t\t<\/div>\n\t\t<div data-particle_enable=\"false\" data-particle-mobile-disabled=\"false\" class=\"elementor-element elementor-element-195a96b e-flex e-con-boxed e-con e-parent\" data-id=\"195a96b\" data-element_type=\"container\">\n\t\t\t\t\t<div class=\"e-con-inner\">\n\t\t<div data-particle_enable=\"false\" data-particle-mobile-disabled=\"false\" class=\"elementor-element elementor-element-6844025 e-con-full e-flex e-con e-child\" data-id=\"6844025\" data-element_type=\"container\">\n\t\t\t\t<div class=\"elementor-element elementor-element-d253d74 elementor-widget elementor-widget-heading\" data-id=\"d253d74\" data-element_type=\"widget\" data-widget_type=\"heading.default\">\n\t\t\t\t<div class=\"elementor-widget-container\">\n\t\t\t\t\t<h2 class=\"elementor-heading-title elementor-size-default\">Qui sommes-nous ? <\/h2>\t\t\t\t<\/div>\n\t\t\t\t<\/div>\n\t\t\t\t<div class=\"elementor-element elementor-element-8a33d46 elementor-widget elementor-widget-text-editor\" data-id=\"8a33d46\" data-element_type=\"widget\" data-widget_type=\"text-editor.default\">\n\t\t\t\t<div class=\"elementor-widget-container\">\n\t\t\t\t\t\t\t\t\t<p><span style=\"font-weight: 400;\">Nous sommes une \u00e9quipe de b\u00e9n\u00e9voles qu\u2019unit une vision et une d\u00e9termination communes\u00a0: celles de mettre tout en \u0153uvre pour que tous les enfants, quel que soit leur lieu de naissance, aient droit \u00e0 l\u2019\u00e9ducation et \u00e0 la culture.\u00a0\u00a0<\/span><\/p>\n<p><span style=\"font-weight: 400;\">Life Sanctuary a \u00e9t\u00e9 fond\u00e9e en 2024 sous forme d\u2019une soci\u00e9t\u00e9 civile \u00e0 but non lucratif, mais notre exp\u00e9rience b\u00e9n\u00e9vole et professionnelle est le fruit de nombreuses ann\u00e9es de recherches, enqu\u00eates de terrain et actions humanitaires. <\/span><\/p>\n\t\t\t\t\t\t\t\t<\/div>\n\t\t\t\t<\/div>\n\t\t\t\t<\/div>\n\t\t<div data-particle_enable=\"false\" data-particle-mobile-disabled=\"false\" class=\"elementor-element elementor-element-c032bbf e-con-full e-flex e-con e-child\" data-id=\"c032bbf\" data-element_type=\"container\">\n\t\t\t\t<div class=\"elementor-element elementor-element-0d432af elementor-widget__width-initial elementor-widget elementor-widget-image\" data-id=\"0d432af\" data-element_type=\"widget\" data-widget_type=\"image.default\">\n\t\t\t\t<div class=\"elementor-widget-container\">\n\t\t\t\t\t\t\t\t\t\t\t\t\t\t\t<img fetchpriority=\"high\" decoding=\"async\" width=\"1448\" height=\"2560\" src=\"https:\/\/life-sanctuary.com\/wp-content\/uploads\/2024\/10\/IMG_20231225_113855\u03b11-scaled.jpg\" class=\"attachment-full size-full wp-image-2368\" alt=\"\" srcset=\"https:\/\/life-sanctuary.com\/wp-content\/uploads\/2024\/10\/IMG_20231225_113855\u03b11-scaled.jpg 1448w, https:\/\/life-sanctuary.com\/wp-content\/uploads\/2024\/10\/IMG_20231225_113855\u03b11-170x300.jpg 170w, https:\/\/life-sanctuary.com\/wp-content\/uploads\/2024\/10\/IMG_20231225_113855\u03b11-579x1024.jpg 579w, https:\/\/life-sanctuary.com\/wp-content\/uploads\/2024\/10\/IMG_20231225_113855\u03b11-768x1358.jpg 768w, https:\/\/life-sanctuary.com\/wp-content\/uploads\/2024\/10\/IMG_20231225_113855\u03b11-869x1536.jpg 869w, https:\/\/life-sanctuary.com\/wp-content\/uploads\/2024\/10\/IMG_20231225_113855\u03b11-1158x2048.jpg 1158w, https:\/\/life-sanctuary.com\/wp-content\/uploads\/2024\/10\/IMG_20231225_113855\u03b11-600x1061.jpg 600w\" sizes=\"(max-width: 1448px) 100vw, 1448px\" title=\"\">\t\t\t\t\t\t\t\t\t\t\t\t\t\t\t<\/div>\n\t\t\t\t<\/div>\n\t\t\t\t<div class=\"elementor-element elementor-element-e22b3e7 elementor-widget__width-initial elementor-widget elementor-widget-image\" data-id=\"e22b3e7\" data-element_type=\"widget\" data-widget_type=\"image.default\">\n\t\t\t\t<div class=\"elementor-widget-container\">\n\t\t\t\t\t\t\t\t\t\t\t\t\t\t\t<img decoding=\"async\" width=\"2560\" height=\"1709\" src=\"https:\/\/life-sanctuary.com\/wp-content\/uploads\/2024\/09\/shutterstock_2015239718-scaled.jpg\" class=\"attachment-full size-full wp-image-2242\" alt=\"\" srcset=\"https:\/\/life-sanctuary.com\/wp-content\/uploads\/2024\/09\/shutterstock_2015239718-scaled.jpg 2560w, https:\/\/life-sanctuary.com\/wp-content\/uploads\/2024\/09\/shutterstock_2015239718-300x200.jpg 300w, https:\/\/life-sanctuary.com\/wp-content\/uploads\/2024\/09\/shutterstock_2015239718-1024x684.jpg 1024w, https:\/\/life-sanctuary.com\/wp-content\/uploads\/2024\/09\/shutterstock_2015239718-768x513.jpg 768w, https:\/\/life-sanctuary.com\/wp-content\/uploads\/2024\/09\/shutterstock_2015239718-1536x1025.jpg 1536w, https:\/\/life-sanctuary.com\/wp-content\/uploads\/2024\/09\/shutterstock_2015239718-2048x1367.jpg 2048w, https:\/\/life-sanctuary.com\/wp-content\/uploads\/2024\/09\/shutterstock_2015239718-600x401.jpg 600w\" sizes=\"(max-width: 2560px) 100vw, 2560px\" title=\"\">\t\t\t\t\t\t\t\t\t\t\t\t\t\t\t<\/div>\n\t\t\t\t<\/div>\n\t\t\t\t<\/div>\n\t\t\t\t\t<\/div>\n\t\t\t\t<\/div>\n\t\t<div data-particle_enable=\"false\" data-particle-mobile-disabled=\"false\" class=\"elementor-element elementor-element-dcc6314 e-flex e-con-boxed e-con e-parent\" data-id=\"dcc6314\" data-element_type=\"container\">\n\t\t\t\t\t<div class=\"e-con-inner\">\n\t\t\t\t<div class=\"elementor-element elementor-element-2a5c566 elementor-widget elementor-widget-menu-anchor\" data-id=\"2a5c566\" data-element_type=\"widget\" data-widget_type=\"menu-anchor.default\">\n\t\t\t\t<div class=\"elementor-widget-container\">\n\t\t\t\t\t\t\t<div class=\"elementor-menu-anchor\" id=\"ti-kanoume\"><\/div>\n\t\t\t\t\t\t<\/div>\n\t\t\t\t<\/div>\n\t\t\t\t\t<\/div>\n\t\t\t\t<\/div>\n\t\t<div data-particle_enable=\"false\" data-particle-mobile-disabled=\"false\" class=\"elementor-element elementor-element-c7bf575 e-flex e-con-boxed e-con e-parent\" data-id=\"c7bf575\" data-element_type=\"container\">\n\t\t\t\t\t<div class=\"e-con-inner\">\n\t\t<div data-particle_enable=\"false\" data-particle-mobile-disabled=\"false\" class=\"elementor-element elementor-element-570a0ff e-con-full e-flex e-con e-child\" data-id=\"570a0ff\" data-element_type=\"container\">\n\t\t\t\t<div class=\"elementor-element elementor-element-2e7c6ab elementor-widget__width-initial elementor-widget-tablet_extra__width-initial elementor-widget elementor-widget-image\" data-id=\"2e7c6ab\" data-element_type=\"widget\" data-widget_type=\"image.default\">\n\t\t\t\t<div class=\"elementor-widget-container\">\n\t\t\t\t\t\t\t\t\t\t\t\t\t\t\t<img decoding=\"async\" width=\"2560\" height=\"1774\" src=\"https:\/\/life-sanctuary.com\/wp-content\/uploads\/2024\/10\/IMG_1342\u03b11-scaled.jpg\" class=\"attachment-full size-full wp-image-2350\" alt=\"\" srcset=\"https:\/\/life-sanctuary.com\/wp-content\/uploads\/2024\/10\/IMG_1342\u03b11-scaled.jpg 2560w, https:\/\/life-sanctuary.com\/wp-content\/uploads\/2024\/10\/IMG_1342\u03b11-300x208.jpg 300w, https:\/\/life-sanctuary.com\/wp-content\/uploads\/2024\/10\/IMG_1342\u03b11-1024x709.jpg 1024w, https:\/\/life-sanctuary.com\/wp-content\/uploads\/2024\/10\/IMG_1342\u03b11-768x532.jpg 768w, https:\/\/life-sanctuary.com\/wp-content\/uploads\/2024\/10\/IMG_1342\u03b11-1536x1064.jpg 1536w, https:\/\/life-sanctuary.com\/wp-content\/uploads\/2024\/10\/IMG_1342\u03b11-2048x1419.jpg 2048w, https:\/\/life-sanctuary.com\/wp-content\/uploads\/2024\/10\/IMG_1342\u03b11-600x416.jpg 600w\" sizes=\"(max-width: 2560px) 100vw, 2560px\" title=\"\">\t\t\t\t\t\t\t\t\t\t\t\t\t\t\t<\/div>\n\t\t\t\t<\/div>\n\t\t\t\t<div class=\"elementor-element elementor-element-806e63e elementor-widget__width-initial elementor-widget-tablet_extra__width-initial elementor-widget elementor-widget-image\" data-id=\"806e63e\" data-element_type=\"widget\" data-widget_type=\"image.default\">\n\t\t\t\t<div class=\"elementor-widget-container\">\n\t\t\t\t\t\t\t\t\t\t\t\t\t\t\t<img loading=\"lazy\" decoding=\"async\" width=\"2560\" height=\"1708\" src=\"https:\/\/life-sanctuary.com\/wp-content\/uploads\/2024\/10\/IMG_1352\u03b11-scaled.jpg\" class=\"attachment-full size-full wp-image-2354\" alt=\"\" srcset=\"https:\/\/life-sanctuary.com\/wp-content\/uploads\/2024\/10\/IMG_1352\u03b11-scaled.jpg 2560w, https:\/\/life-sanctuary.com\/wp-content\/uploads\/2024\/10\/IMG_1352\u03b11-300x200.jpg 300w, https:\/\/life-sanctuary.com\/wp-content\/uploads\/2024\/10\/IMG_1352\u03b11-1024x683.jpg 1024w, https:\/\/life-sanctuary.com\/wp-content\/uploads\/2024\/10\/IMG_1352\u03b11-768x512.jpg 768w, https:\/\/life-sanctuary.com\/wp-content\/uploads\/2024\/10\/IMG_1352\u03b11-1536x1025.jpg 1536w, https:\/\/life-sanctuary.com\/wp-content\/uploads\/2024\/10\/IMG_1352\u03b11-2048x1367.jpg 2048w, https:\/\/life-sanctuary.com\/wp-content\/uploads\/2024\/10\/IMG_1352\u03b11-600x400.jpg 600w\" sizes=\"(max-width: 2560px) 100vw, 2560px\" title=\"\">\t\t\t\t\t\t\t\t\t\t\t\t\t\t\t<\/div>\n\t\t\t\t<\/div>\n\t\t\t\t<div class=\"elementor-element elementor-element-b5e782d elementor-widget__width-initial elementor-widget elementor-widget-image\" data-id=\"b5e782d\" data-element_type=\"widget\" data-widget_type=\"image.default\">\n\t\t\t\t<div class=\"elementor-widget-container\">\n\t\t\t\t\t\t\t\t\t\t\t\t\t\t\t<img loading=\"lazy\" decoding=\"async\" width=\"2560\" height=\"1320\" src=\"https:\/\/life-sanctuary.com\/wp-content\/uploads\/2024\/10\/IMG_1315\u03b11-scaled.jpg\" class=\"attachment-full size-full wp-image-2334\" alt=\"\" srcset=\"https:\/\/life-sanctuary.com\/wp-content\/uploads\/2024\/10\/IMG_1315\u03b11-scaled.jpg 2560w, https:\/\/life-sanctuary.com\/wp-content\/uploads\/2024\/10\/IMG_1315\u03b11-300x155.jpg 300w, https:\/\/life-sanctuary.com\/wp-content\/uploads\/2024\/10\/IMG_1315\u03b11-1024x528.jpg 1024w, https:\/\/life-sanctuary.com\/wp-content\/uploads\/2024\/10\/IMG_1315\u03b11-768x396.jpg 768w, https:\/\/life-sanctuary.com\/wp-content\/uploads\/2024\/10\/IMG_1315\u03b11-1536x792.jpg 1536w, https:\/\/life-sanctuary.com\/wp-content\/uploads\/2024\/10\/IMG_1315\u03b11-2048x1056.jpg 2048w, https:\/\/life-sanctuary.com\/wp-content\/uploads\/2024\/10\/IMG_1315\u03b11-600x309.jpg 600w\" sizes=\"(max-width: 2560px) 100vw, 2560px\" title=\"\">\t\t\t\t\t\t\t\t\t\t\t\t\t\t\t<\/div>\n\t\t\t\t<\/div>\n\t\t\t\t<\/div>\n\t\t<div data-particle_enable=\"false\" data-particle-mobile-disabled=\"false\" class=\"elementor-element elementor-element-2e719a5 e-con-full e-flex e-con e-child\" data-id=\"2e719a5\" data-element_type=\"container\">\n\t\t\t\t<div class=\"elementor-element elementor-element-e3a81a1 elementor-widget elementor-widget-heading\" data-id=\"e3a81a1\" data-element_type=\"widget\" data-widget_type=\"heading.default\">\n\t\t\t\t<div class=\"elementor-widget-container\">\n\t\t\t\t\t<h2 class=\"elementor-heading-title elementor-size-default\">Nos actions<\/h2>\t\t\t\t<\/div>\n\t\t\t\t<\/div>\n\t\t\t\t<div class=\"elementor-element elementor-element-9fe0f8a elementor-widget elementor-widget-text-editor\" data-id=\"9fe0f8a\" data-element_type=\"widget\" data-widget_type=\"text-editor.default\">\n\t\t\t\t<div class=\"elementor-widget-container\">\n\t\t\t\t\t\t\t\t\t<p><span style=\"font-weight: 400;\">Nous sommes une \u00e9quipe de b\u00e9n\u00e9voles qu\u2019unit une vision et une d\u00e9termination communes\u00a0: celles de mettre tout en \u0153uvre pour que tous les enfants, quel que soit leur lieu de naissance, aient droit \u00e0 l\u2019\u00e9ducation et \u00e0 la culture.\u00a0\u00a0<\/span><\/p>\n<p><span style=\"font-weight: 400;\">Life Sanctuary a \u00e9t\u00e9 fond\u00e9e en 2024 sous forme d\u2019une soci\u00e9t\u00e9 civile \u00e0 but non lucratif, mais notre exp\u00e9rience b\u00e9n\u00e9vole et professionnelle est le fruit de nombreuses ann\u00e9es de recherches, enqu\u00eates de terrain et actions humanitaires. <\/span><\/p>\n\t\t\t\t\t\t\t\t<\/div>\n\t\t\t\t<\/div>\n\t\t\t\t<\/div>\n\t\t\t\t\t<\/div>\n\t\t\t\t<\/div>\n\t\t<div data-particle_enable=\"false\" data-particle-mobile-disabled=\"false\" class=\"elementor-element elementor-element-82995e8 e-flex e-con-boxed e-con e-parent\" data-id=\"82995e8\" data-element_type=\"container\">\n\t\t\t\t\t<div class=\"e-con-inner\">\n\t\t\t\t<div class=\"elementor-element elementor-element-ec61c3a elementor-widget elementor-widget-menu-anchor\" data-id=\"ec61c3a\" data-element_type=\"widget\" data-widget_type=\"menu-anchor.default\">\n\t\t\t\t<div class=\"elementor-widget-container\">\n\t\t\t\t\t\t\t<div class=\"elementor-menu-anchor\" id=\"aksies-pistevo\"><\/div>\n\t\t\t\t\t\t<\/div>\n\t\t\t\t<\/div>\n\t\t\t\t\t<\/div>\n\t\t\t\t<\/div>\n\t\t<div data-particle_enable=\"false\" data-particle-mobile-disabled=\"false\" class=\"elementor-element elementor-element-a84c84b e-flex e-con-boxed e-con e-parent\" data-id=\"a84c84b\" data-element_type=\"container\">\n\t\t\t\t\t<div class=\"e-con-inner\">\n\t\t<div data-particle_enable=\"false\" data-particle-mobile-disabled=\"false\" class=\"elementor-element elementor-element-16e9bed e-con-full e-flex e-con e-child\" data-id=\"16e9bed\" data-element_type=\"container\">\n\t\t\t\t<div class=\"elementor-element elementor-element-8d9eda6 elementor-widget elementor-widget-heading\" data-id=\"8d9eda6\" data-element_type=\"widget\" data-widget_type=\"heading.default\">\n\t\t\t\t<div class=\"elementor-widget-container\">\n\t\t\t\t\t<h2 class=\"elementor-heading-title elementor-size-default\">Nos valeurs et convictions<\/h2>\t\t\t\t<\/div>\n\t\t\t\t<\/div>\n\t\t\t\t<div class=\"elementor-element elementor-element-c01880b elementor-widget elementor-widget-text-editor\" data-id=\"c01880b\" data-element_type=\"widget\" data-widget_type=\"text-editor.default\">\n\t\t\t\t<div class=\"elementor-widget-container\">\n\t\t\t\t\t\t\t\t\t<p><span style=\"font-weight: 400;\">Nous sommes une \u00e9quipe de b\u00e9n\u00e9voles qu\u2019unit une vision et une d\u00e9termination communes\u00a0: celles de mettre tout en \u0153uvre pour que tous les enfants, quel que soit leur lieu de naissance, aient droit \u00e0 l\u2019\u00e9ducation et \u00e0 la culture.\u00a0\u00a0<\/span><\/p>\n<p><span style=\"font-weight: 400;\">Life Sanctuary a \u00e9t\u00e9 fond\u00e9e en 2024 sous forme d\u2019une soci\u00e9t\u00e9 civile \u00e0 but non lucratif, mais notre exp\u00e9rience b\u00e9n\u00e9vole et professionnelle est le fruit de nombreuses ann\u00e9es de recherches, enqu\u00eates de terrain et actions humanitaires. <\/span><\/p>\n\t\t\t\t\t\t\t\t<\/div>\n\t\t\t\t<\/div>\n\t\t\t\t<\/div>\n\t\t<div data-particle_enable=\"false\" data-particle-mobile-disabled=\"false\" class=\"elementor-element elementor-element-450bb21 e-con-full e-flex e-con e-child\" data-id=\"450bb21\" data-element_type=\"container\">\n\t\t\t\t<div class=\"elementor-element elementor-element-8db4ee1 elementor-widget elementor-widget-image\" data-id=\"8db4ee1\" data-element_type=\"widget\" data-widget_type=\"image.default\">\n\t\t\t\t<div class=\"elementor-widget-container\">\n\t\t\t\t\t\t\t\t\t\t\t\t\t\t\t<img loading=\"lazy\" decoding=\"async\" width=\"1080\" height=\"607\" src=\"https:\/\/life-sanctuary.com\/wp-content\/uploads\/2024\/10\/IMG-20241022-WA0016.jpg\" class=\"attachment-full size-full wp-image-2328\" alt=\"\" srcset=\"https:\/\/life-sanctuary.com\/wp-content\/uploads\/2024\/10\/IMG-20241022-WA0016.jpg 1080w, https:\/\/life-sanctuary.com\/wp-content\/uploads\/2024\/10\/IMG-20241022-WA0016-300x169.jpg 300w, https:\/\/life-sanctuary.com\/wp-content\/uploads\/2024\/10\/IMG-20241022-WA0016-1024x576.jpg 1024w, https:\/\/life-sanctuary.com\/wp-content\/uploads\/2024\/10\/IMG-20241022-WA0016-768x432.jpg 768w, https:\/\/life-sanctuary.com\/wp-content\/uploads\/2024\/10\/IMG-20241022-WA0016-600x337.jpg 600w\" sizes=\"(max-width: 1080px) 100vw, 1080px\" title=\"\">\t\t\t\t\t\t\t\t\t\t\t\t\t\t\t<\/div>\n\t\t\t\t<\/div>\n\t\t\t\t<\/div>\n\t\t\t\t\t<\/div>\n\t\t\t\t<\/div>\n\t\t<div data-particle_enable=\"false\" data-particle-mobile-disabled=\"false\" class=\"elementor-element elementor-element-545a16c e-flex e-con-boxed e-con e-parent\" data-id=\"545a16c\" data-element_type=\"container\">\n\t\t\t\t\t<div class=\"e-con-inner\">\n\t\t\t\t<div class=\"elementor-element elementor-element-5d8ac5e elementor-widget elementor-widget-menu-anchor\" data-id=\"5d8ac5e\" data-element_type=\"widget\" data-widget_type=\"menu-anchor.default\">\n\t\t\t\t<div class=\"elementor-widget-container\">\n\t\t\t\t\t\t\t<div class=\"elementor-menu-anchor\" id=\"stoxoi\"><\/div>\n\t\t\t\t\t\t<\/div>\n\t\t\t\t<\/div>\n\t\t\t\t<div class=\"elementor-element elementor-element-b221334 elementor-widget elementor-widget-menu-anchor\" data-id=\"b221334\" data-element_type=\"widget\" data-widget_type=\"menu-anchor.default\">\n\t\t\t\t<div class=\"elementor-widget-container\">\n\t\t\t\t\t\t\t<div class=\"elementor-menu-anchor\" id=\"orama\"><\/div>\n\t\t\t\t\t\t<\/div>\n\t\t\t\t<\/div>\n\t\t\t\t\t<\/div>\n\t\t\t\t<\/div>\n\t\t<div data-particle_enable=\"false\" data-particle-mobile-disabled=\"false\" class=\"elementor-element elementor-element-875f46e e-flex e-con-boxed e-con e-parent\" data-id=\"875f46e\" data-element_type=\"container\">\n\t\t\t\t\t<div class=\"e-con-inner\">\n\t\t<div data-particle_enable=\"false\" data-particle-mobile-disabled=\"false\" class=\"elementor-element elementor-element-555399f e-con-full e-flex e-con e-child\" data-id=\"555399f\" data-element_type=\"container\">\n\t\t\t\t<div class=\"elementor-element elementor-element-62912f5 elementor-widget__width-initial elementor-widget-tablet_extra__width-initial elementor-widget elementor-widget-image\" data-id=\"62912f5\" data-element_type=\"widget\" data-widget_type=\"image.default\">\n\t\t\t\t<div class=\"elementor-widget-container\">\n\t\t\t\t\t\t\t\t\t\t\t\t\t\t\t<img loading=\"lazy\" decoding=\"async\" width=\"2560\" height=\"1708\" src=\"https:\/\/life-sanctuary.com\/wp-content\/uploads\/2024\/10\/IMG_1324\u03b11-scaled.jpg\" class=\"attachment-full size-full wp-image-2340\" alt=\"\" srcset=\"https:\/\/life-sanctuary.com\/wp-content\/uploads\/2024\/10\/IMG_1324\u03b11-scaled.jpg 2560w, https:\/\/life-sanctuary.com\/wp-content\/uploads\/2024\/10\/IMG_1324\u03b11-300x200.jpg 300w, https:\/\/life-sanctuary.com\/wp-content\/uploads\/2024\/10\/IMG_1324\u03b11-1024x683.jpg 1024w, https:\/\/life-sanctuary.com\/wp-content\/uploads\/2024\/10\/IMG_1324\u03b11-768x512.jpg 768w, https:\/\/life-sanctuary.com\/wp-content\/uploads\/2024\/10\/IMG_1324\u03b11-1536x1025.jpg 1536w, https:\/\/life-sanctuary.com\/wp-content\/uploads\/2024\/10\/IMG_1324\u03b11-2048x1367.jpg 2048w, https:\/\/life-sanctuary.com\/wp-content\/uploads\/2024\/10\/IMG_1324\u03b11-600x400.jpg 600w\" sizes=\"(max-width: 2560px) 100vw, 2560px\" title=\"\">\t\t\t\t\t\t\t\t\t\t\t\t\t\t\t<\/div>\n\t\t\t\t<\/div>\n\t\t\t\t<div class=\"elementor-element elementor-element-e5793d3 elementor-widget__width-initial elementor-widget elementor-widget-image\" data-id=\"e5793d3\" data-element_type=\"widget\" data-widget_type=\"image.default\">\n\t\t\t\t<div class=\"elementor-widget-container\">\n\t\t\t\t\t\t\t\t\t\t\t\t\t\t\t<img loading=\"lazy\" decoding=\"async\" width=\"800\" height=\"577\" src=\"https:\/\/life-sanctuary.com\/wp-content\/uploads\/2024\/10\/IMG_1464\u03b11-1024x738.jpg\" class=\"attachment-large size-large wp-image-2362\" alt=\"\" srcset=\"https:\/\/life-sanctuary.com\/wp-content\/uploads\/2024\/10\/IMG_1464\u03b11-1024x738.jpg 1024w, https:\/\/life-sanctuary.com\/wp-content\/uploads\/2024\/10\/IMG_1464\u03b11-300x216.jpg 300w, https:\/\/life-sanctuary.com\/wp-content\/uploads\/2024\/10\/IMG_1464\u03b11-768x553.jpg 768w, https:\/\/life-sanctuary.com\/wp-content\/uploads\/2024\/10\/IMG_1464\u03b11-1536x1107.jpg 1536w, https:\/\/life-sanctuary.com\/wp-content\/uploads\/2024\/10\/IMG_1464\u03b11-2048x1476.jpg 2048w, https:\/\/life-sanctuary.com\/wp-content\/uploads\/2024\/10\/IMG_1464\u03b11-600x432.jpg 600w\" sizes=\"(max-width: 800px) 100vw, 800px\" title=\"\">\t\t\t\t\t\t\t\t\t\t\t\t\t\t\t<\/div>\n\t\t\t\t<\/div>\n\t\t\t\t<\/div>\n\t\t<div data-particle_enable=\"false\" data-particle-mobile-disabled=\"false\" class=\"elementor-element elementor-element-556f2d5 e-con-full e-flex e-con e-child\" data-id=\"556f2d5\" data-element_type=\"container\">\n\t\t\t\t<div class=\"elementor-element elementor-element-ece0a9b elementor-widget elementor-widget-heading\" data-id=\"ece0a9b\" data-element_type=\"widget\" data-widget_type=\"heading.default\">\n\t\t\t\t<div class=\"elementor-widget-container\">\n\t\t\t\t\t<h2 class=\"elementor-heading-title elementor-size-default\">Notre but et notre mission<\/h2>\t\t\t\t<\/div>\n\t\t\t\t<\/div>\n\t\t\t\t<div class=\"elementor-element elementor-element-46ee1df elementor-widget elementor-widget-text-editor\" data-id=\"46ee1df\" data-element_type=\"widget\" data-widget_type=\"text-editor.default\">\n\t\t\t\t<div class=\"elementor-widget-container\">\n\t\t\t\t\t\t\t\t\t<p><span style=\"font-weight: 400;\">Nous sommes une \u00e9quipe de b\u00e9n\u00e9voles qu\u2019unit une vision et une d\u00e9termination communes\u00a0: celles de mettre tout en \u0153uvre pour que tous les enfants, quel que soit leur lieu de naissance, aient droit \u00e0 l\u2019\u00e9ducation et \u00e0 la culture.\u00a0\u00a0<\/span><\/p>\n<p><span style=\"font-weight: 400;\">Life Sanctuary a \u00e9t\u00e9 fond\u00e9e en 2024 sous forme d\u2019une soci\u00e9t\u00e9 civile \u00e0 but non lucratif, mais notre exp\u00e9rience b\u00e9n\u00e9vole et professionnelle est le fruit de nombreuses ann\u00e9es de recherches, enqu\u00eates de terrain et actions humanitaires. <\/span><\/p>\n\t\t\t\t\t\t\t\t<\/div>\n\t\t\t\t<\/div>\n\t\t\t\t<div class=\"elementor-element elementor-element-f775bac elementor-widget elementor-widget-heading\" data-id=\"f775bac\" data-element_type=\"widget\" data-widget_type=\"heading.default\">\n\t\t\t\t<div class=\"elementor-widget-container\">\n\t\t\t\t\t<h2 class=\"elementor-heading-title elementor-size-default\">Notre projet<\/h2>\t\t\t\t<\/div>\n\t\t\t\t<\/div>\n\t\t\t\t<div class=\"elementor-element elementor-element-982695b elementor-widget elementor-widget-text-editor\" data-id=\"982695b\" data-element_type=\"widget\" data-widget_type=\"text-editor.default\">\n\t\t\t\t<div class=\"elementor-widget-container\">\n\t\t\t\t\t\t\t\t\t<p><span style=\"font-weight: 400;\">Nous sommes une \u00e9quipe de b\u00e9n\u00e9voles qu\u2019unit une vision et une d\u00e9termination communes\u00a0: celles de mettre tout en \u0153uvre pour que tous les enfants, quel que soit leur lieu de naissance, aient droit \u00e0 l\u2019\u00e9ducation et \u00e0 la culture.\u00a0\u00a0<\/span><\/p>\n<p><span style=\"font-weight: 400;\">Life Sanctuary a \u00e9t\u00e9 fond\u00e9e en 2024 sous forme d\u2019une soci\u00e9t\u00e9 civile \u00e0 but non lucratif, mais notre exp\u00e9rience b\u00e9n\u00e9vole et professionnelle est le fruit de nombreuses ann\u00e9es de recherches, enqu\u00eates de terrain et actions humanitaires. <\/span><\/p>\n\t\t\t\t\t\t\t\t<\/div>\n\t\t\t\t<\/div>\n\t\t\t\t<\/div>\n\t\t\t\t\t<\/div>\n\t\t\t\t<\/div>\n\t\t\t\t<\/div>\n\t\t","protected":false},"excerpt":{"rendered":"<p>Life Sanctuary Qui sommes-nous ? Nous sommes une \u00e9quipe de b\u00e9n\u00e9voles qu\u2019unit une vision et une d\u00e9termination communes\u00a0: celles de mettre tout en \u0153uvre pour que tous les enfants, quel que soit leur lieu de naissance, aient droit \u00e0 l\u2019\u00e9ducation et \u00e0 la culture.\u00a0\u00a0 Life Sanctuary a \u00e9t\u00e9 fond\u00e9e en 2024 sous forme d\u2019une soci\u00e9t\u00e9 [&hellip;]<\/p>\n","protected":false},"author":1,"featured_media":0,"parent":0,"menu_order":0,"comment_status":"closed","ping_status":"closed","template":"","meta":{"_acf_changed":false,"footnotes":""},"class_list":["post-2623","page","type-page","status-publish","hentry"],"acf":[],"_links":{"self":[{"href":"https:\/\/life-sanctuary.com\/fr\/wp-json\/wp\/v2\/pages\/2623","targetHints":{"allow":["GET"]}}],"collection":[{"href":"https:\/\/life-sanctuary.com\/fr\/wp-json\/wp\/v2\/pages"}],"about":[{"href":"https:\/\/life-sanctuary.com\/fr\/wp-json\/wp\/v2\/types\/page"}],"author":[{"embeddable":true,"href":"https:\/\/life-sanctuary.com\/fr\/wp-json\/wp\/v2\/users\/1"}],"replies":[{"embeddable":true,"href":"https:\/\/life-sanctuary.com\/fr\/wp-json\/wp\/v2\/comments?post=2623"}],"version-history":[{"count":1,"href":"https:\/\/life-sanctuary.com\/fr\/wp-json\/wp\/v2\/pages\/2623\/revisions"}],"predecessor-version":[{"id":2624,"href":"https:\/\/life-sanctuary.com\/fr\/wp-json\/wp\/v2\/pages\/2623\/revisions\/2624"}],"wp:attachment":[{"href":"https:\/\/life-sanctuary.com\/fr\/wp-json\/wp\/v2\/media?parent=2623"}],"curies":[{"name":"wp","href":"https:\/\/api.w.org\/{rel}","templated":true}]}}